{"id":566,"date":"2021-02-02T13:11:57","date_gmt":"2021-02-02T13:11:57","guid":{"rendered":"http:\/\/neu.kultkom.de\/?page_id=566"},"modified":"2021-04-01T11:45:59","modified_gmt":"2021-04-01T11:45:59","slug":"privacy-policy","status":"publish","type":"page","link":"https:\/\/www.kultkom.de\/de\/privacy-policy\/","title":{"rendered":"Datenschutzrichtlinie"},"content":{"rendered":"<div data-elementor-type=\"wp-page\" data-elementor-id=\"566\" class=\"elementor elementor-566\">\n\t\t\t\t\t\t<section class=\"elementor-section elementor-top-section elementor-element elementor-element-49e75b3 elementor-section-boxed elementor-section-height-default elementor-section-height-default\" data-id=\"49e75b3\" data-element_type=\"section\" data-e-type=\"section\" data-settings=\"{&quot;background_background&quot;:&quot;classic&quot;}\">\n\t\t\t\t\t\t<div class=\"elementor-container elementor-column-gap-default\">\n\t\t\t\t\t<div class=\"elementor-column elementor-col-100 elementor-top-column elementor-element elementor-element-aa55908\" data-id=\"aa55908\" data-element_type=\"column\" data-e-type=\"column\">\n\t\t\t<div class=\"elementor-widget-wrap\">\n\t\t\t\t\t\t\t<\/div>\n\t\t<\/div>\n\t\t\t\t\t<\/div>\n\t\t<\/section>\n\t\t\t\t<section class=\"elementor-section elementor-top-section elementor-element elementor-element-7d62c02 elementor-section-boxed elementor-section-height-default elementor-section-height-default\" data-id=\"7d62c02\" data-element_type=\"section\" data-e-type=\"section\">\n\t\t\t\t\t\t<div class=\"elementor-container elementor-column-gap-default\">\n\t\t\t\t\t<div class=\"elementor-column elementor-col-100 elementor-top-column elementor-element elementor-element-d7cd881\" data-id=\"d7cd881\" data-element_type=\"column\" data-e-type=\"column\">\n\t\t\t<div class=\"elementor-widget-wrap elementor-element-populated\">\n\t\t\t\t\t\t<div class=\"elementor-element elementor-element-4f5e630 elementor-widget elementor-widget-text-editor\" data-id=\"4f5e630\" data-element_type=\"widget\" data-e-type=\"widget\" data-widget_type=\"text-editor.default\">\n\t\t\t\t<div class=\"elementor-widget-container\">\n\t\t\t\t\t\t\t\t\t<h3 class=\"contentheader\"><span style=\"font-size: 24pt;\">Datenschutz<\/span><\/h3><h2><span style=\"font-size: 18pt;\"><strong>Datenschutzerkl\u00e4rung<\/strong><\/span><\/h2><p>Die Nutzung unserer Seite ist ohne eine Angabe von personenbezogenen Daten m\u00f6glich. F\u00fcr die Nutzung einzelner Services unserer Seite k\u00f6nnen sich hierf\u00fcr abweichende Regelungen ergeben, die in diesem Falle nachstehend gesondert erl\u00e4utert werden. Ihre personenbezogenen Daten (z.B. Name, Anschrift, E-Mail, Telefonnummer, u.\u00e4.) werden von uns nur gem\u00e4\u00df den Bestimmungen des deutschen Datenschutzrechts verarbeitet. Daten sind dann personenbezogen, wenn sie eindeutig einer bestimmten nat\u00fcrlichen Person zugeordnet werden k\u00f6nnen. Die rechtlichen Grundlagen des Datenschutzes finden Sie in der Datenschutz-Grundverordnung (DSGVO) - https:\/\/dsgvo-gesetz.de\/. Nachstehende Regelungen informieren Sie insoweit \u00fcber die Art, den Umfang und Zweck der Erhebung, die Nutzung und die Verarbeitung von personenbezogenen Daten durch den Anbieter.<\/p><p>kultkom, Kerstin Wiehe<br \/>Kulturmanagement &amp; Kommunikation<br \/>Mail: info(at)kultkom.de<\/p><p>Wir weisen darauf hin, dass die internetbasierte Daten\u00fcbertragung Sicherheitsl\u00fccken aufweist, ein l\u00fcckenloser Schutz vor Zugriffen durch Dritte somit unm\u00f6glich ist.<\/p><h2><span style=\"font-size: 18pt;\"><strong>Ver\u00f6ffentlichung von Stellenanzeigen \/ Online-Stellenbewerbungen<\/strong><\/span><\/h2><p>Ihre Bewerbungsdaten werden zum Zwecke der Abwicklung des Bewerbungsverfahrens elektronisch von uns erhoben und verarbeitet. Folgt auf Ihre Bewerbung der Abschluss eines Anstellungsvertrages, so k\u00f6nnen Ihre \u00fcbermittelten Daten zum Zwecke des \u00fcblichen Organisations- und Verwaltungsprozesses unter Beachtung der einschl\u00e4gigen rechtlichen Vorschriften von uns in Ihrer Personalakte gespeichert werden.<\/p><p>Die L\u00f6schung der von Ihnen \u00fcbermittelten Daten erfolgt bei Zur\u00fcckweisung Ihrer  Stellenbewerbung automatisch zwei Monate nach Bekanntgabe der Zur\u00fcckweisung. Dies gilt nicht, wenn aufgrund gesetzlicher Erfordernisse (beispielsweise der Beweispflicht nach dem Allgemeinen Gleichbehandlungsgesetz) eine l\u00e4ngere Speicherung notwendig ist oder wenn Sie einer l\u00e4ngeren Speicherung in unserer Interessenten-Datenbank ausdr\u00fccklich zugestimmt haben.<\/p><h2><span style=\"font-size: 18pt;\"><strong>Auskunft\/Widerruf\/L\u00f6schung<\/strong><\/span><\/h2><p>Sie k\u00f6nnen sich aufgrund der Datenschutz-Grundverordnung bei Fragen zur Erhebung, Verarbeitung oder Nutzung Ihrer personenbezogenen Daten und deren Berichtigung, Sperrung, L\u00f6schung oder einem Widerruf einer erteilten Einwilligung unentgeltlich an uns wenden. Wir weisen darauf hin, dass Ihnen ein Recht auf Berichtigung falscher Daten oder L\u00f6schung personenbezogener Daten zusteht, sollte diesem Anspruch keine gesetzliche Aufbewahrungspflicht entgegenstehen.<\/p><p><em>(Diese Datenschutzerkl\u00e4rung wurde zur Verf\u00fcgung gestellt von der Anwaltskanzlei Wei\u00df &amp; Partner)<\/em><\/p>\t\t\t\t\t\t\t\t<\/div>\n\t\t\t\t<\/div>\n\t\t\t\t\t<\/div>\n\t\t<\/div>\n\t\t\t\t\t<\/div>\n\t\t<\/section>\n\t\t\t\t<\/div>","protected":false},"excerpt":{"rendered":"<p>Privacy Policy Data Privacy Policy Our website may be used without entering personal information. Different rules may apply to certain services on our site, however, and are explained separately below. We collect personal information from you (e.g. name, address, email address, telephone number, etc.) in accordance with the provisions of German data protection statutes. Information [&hellip;]<\/p>\n","protected":false},"author":1,"featured_media":0,"parent":0,"menu_order":0,"comment_status":"closed","ping_status":"closed","template":"","meta":{"site-sidebar-layout":"no-sidebar","site-content-layout":"page-builder","ast-site-content-layout":"default","site-content-style":"default","site-sidebar-style":"default","ast-global-header-display":"","ast-banner-title-visibility":"","ast-main-header-display":"","ast-hfb-above-header-display":"","ast-hfb-below-header-display":"","ast-hfb-mobile-header-display":"","site-post-title":"disabled","ast-breadcrumbs-content":"","ast-featured-img":"disabled","footer-sml-layout":"","ast-disable-related-posts":"","theme-transparent-header-meta":"default","adv-header-id-meta":"","stick-header-meta":"","header-above-stick-meta":"","header-main-stick-meta":"","header-below-stick-meta":"","astra-migrate-meta-layouts":"default","ast-page-background-enabled":"default","ast-page-background-meta":{"desktop":{"background-color":"","background-image":"","background-repeat":"repeat","background-position":"center center","background-size":"auto","background-attachment":"scroll","background-type":"","background-media":"","overlay-type":"","overlay-color":"","overlay-opacity":"","overlay-gradient":""},"tablet":{"background-color":"","background-image":"","background-repeat":"repeat","background-position":"center center","background-size":"auto","background-attachment":"scroll","background-type":"","background-media":"","overlay-type":"","overlay-color":"","overlay-opacity":"","overlay-gradient":""},"mobile":{"background-color":"","background-image":"","background-repeat":"repeat","background-position":"center center","background-size":"auto","background-attachment":"scroll","background-type":"","background-media":"","overlay-type":"","overlay-color":"","overlay-opacity":"","overlay-gradient":""}},"ast-content-background-meta":{"desktop":{"background-color":"var(--ast-global-color-5)","background-image":"","background-repeat":"repeat","background-position":"center center","background-size":"auto","background-attachment":"scroll","background-type":"","background-media":"","overlay-type":"","overlay-color":"","overlay-opacity":"","overlay-gradient":""},"tablet":{"background-color":"var(--ast-global-color-5)","background-image":"","background-repeat":"repeat","background-position":"center center","background-size":"auto","background-attachment":"scroll","background-type":"","background-media":"","overlay-type":"","overlay-color":"","overlay-opacity":"","overlay-gradient":""},"mobile":{"background-color":"var(--ast-global-color-5)","background-image":"","background-repeat":"repeat","background-position":"center center","background-size":"auto","background-attachment":"scroll","background-type":"","background-media":"","overlay-type":"","overlay-color":"","overlay-opacity":"","overlay-gradient":""}},"footnotes":""},"class_list":["post-566","page","type-page","status-publish","hentry"],"rttpg_featured_image_url":null,"rttpg_author":{"display_name":"admin","author_link":"https:\/\/www.kultkom.de\/de\/author\/admin\/"},"rttpg_comment":0,"rttpg_category":null,"rttpg_excerpt":"Privacy Policy Data Privacy Policy Our website may be used without entering personal information. Different rules may apply to certain services on our site, however, and are explained separately below. We collect personal information from you (e.g. name, address, email address, telephone number, etc.) in accordance with the provisions of German data protection statutes. Information&hellip;","_links":{"self":[{"href":"https:\/\/www.kultkom.de\/de\/wp-json\/wp\/v2\/pages\/566","targetHints":{"allow":["GET"]}}],"collection":[{"href":"https:\/\/www.kultkom.de\/de\/wp-json\/wp\/v2\/pages"}],"about":[{"href":"https:\/\/www.kultkom.de\/de\/wp-json\/wp\/v2\/types\/page"}],"author":[{"embeddable":true,"href":"https:\/\/www.kultkom.de\/de\/wp-json\/wp\/v2\/users\/1"}],"replies":[{"embeddable":true,"href":"https:\/\/www.kultkom.de\/de\/wp-json\/wp\/v2\/comments?post=566"}],"version-history":[{"count":29,"href":"https:\/\/www.kultkom.de\/de\/wp-json\/wp\/v2\/pages\/566\/revisions"}],"predecessor-version":[{"id":2296,"href":"https:\/\/www.kultkom.de\/de\/wp-json\/wp\/v2\/pages\/566\/revisions\/2296"}],"wp:attachment":[{"href":"https:\/\/www.kultkom.de\/de\/wp-json\/wp\/v2\/media?parent=566"}],"curies":[{"name":"wp","href":"https:\/\/api.w.org\/{rel}","templated":true}]}}